{"id":7,"date":"2025-04-10T16:58:41","date_gmt":"2025-04-10T19:58:41","guid":{"rendered":"https:\/\/praga.ar\/?page_id=7"},"modified":"2025-04-10T20:38:15","modified_gmt":"2025-04-10T23:38:15","slug":"prueba","status":"publish","type":"page","link":"https:\/\/praga.ar\/","title":{"rendered":"prueba"},"content":{"rendered":"<p>[et_pb_section fb_built=&#8221;1&#8243; fullwidth=&#8221;on&#8221; _builder_version=&#8221;4.27.4&#8243; _module_preset=&#8221;default&#8221; global_colors_info=&#8221;{}&#8221;][et_pb_fullwidth_slider _builder_version=&#8221;4.27.4&#8243; _module_preset=&#8221;default&#8221; custom_margin_tablet=&#8221;&#8221; custom_margin_phone=&#8221;&#8221; custom_margin_last_edited=&#8221;on|phone&#8221; custom_padding=&#8221;300px||300px||true|false&#8221; auto=&#8221;on&#8221; auto_speed=&#8221;4500&#8243; hover_enabled=&#8221;0&#8243; global_colors_info=&#8221;{}&#8221; sticky_enabled=&#8221;0&#8243; custom_padding_last_edited=&#8221;on|phone&#8221; custom_padding_phone=&#8221;200px||200px||true|false&#8221; custom_padding_tablet=&#8221;300px||300px||true|false&#8221;][et_pb_slide _builder_version=&#8221;4.27.4&#8243; _module_preset=&#8221;default&#8221; background_image=&#8221;https:\/\/praga.ar\/wp-content\/uploads\/2025\/04\/home-decor-07.jpg&#8221; background_enable_image=&#8221;on&#8221; global_colors_info=&#8221;{}&#8221; sticky_transition=&#8221;on&#8221;][\/et_pb_slide][et_pb_slide _builder_version=&#8221;4.27.4&#8243; _module_preset=&#8221;default&#8221; background_image=&#8221;https:\/\/praga.ar\/wp-content\/uploads\/2025\/04\/home-decor-04.jpg&#8221; background_enable_image=&#8221;on&#8221; global_colors_info=&#8221;{}&#8221; sticky_transition=&#8221;on&#8221;][\/et_pb_slide][\/et_pb_fullwidth_slider][\/et_pb_section][et_pb_section fb_built=&#8221;1&#8243; admin_label=&#8221;Header&#8221; _builder_version=&#8221;4.21.0&#8243; _module_preset=&#8221;default&#8221; custom_padding=&#8221;30px||12px|||&#8221; collapsed=&#8221;on&#8221; global_colors_info=&#8221;{}&#8221;][et_pb_row _builder_version=&#8221;4.21.0&#8243; _module_preset=&#8221;default&#8221; global_colors_info=&#8221;{}&#8221;][et_pb_column type=&#8221;4_4&#8243; _builder_version=&#8221;4.21.0&#8243; _module_preset=&#8221;default&#8221; global_colors_info=&#8221;{}&#8221;][et_pb_text _builder_version=&#8221;4.27.4&#8243; _module_preset=&#8221;f70c7ca2-7d20-418a-baea-152ec4ee7baf&#8221; text_font=&#8221;Aboreto||||||||&#8221; header_font=&#8221;Antic Didone||||||||&#8221; header_text_align=&#8221;center&#8221; header_font_size=&#8221;47px&#8221; text_orientation=&#8221;center&#8221; global_colors_info=&#8221;{}&#8221;]<\/p>\n<h1>Cer\u00e1mica artesanal con alma,<br \/>cada pieza una historia \u00fanica.<\/h1>\n<p>[\/et_pb_text][\/et_pb_column][\/et_pb_row][\/et_pb_section][et_pb_section fb_built=&#8221;1&#8243; admin_label=&#8221;Product &#8211; New Arrivals&#8221; _builder_version=&#8221;4.27.4&#8243; _module_preset=&#8221;default&#8221; custom_margin_tablet=&#8221;&#8221; custom_margin_phone=&#8221;-88px||||false|false&#8221; custom_margin_last_edited=&#8221;on|phone&#8221; saved_tabs=&#8221;all&#8221; collapsed=&#8221;on&#8221; global_colors_info=&#8221;{}&#8221;][et_pb_row _builder_version=&#8221;4.21.0&#8243; _module_preset=&#8221;default&#8221; global_colors_info=&#8221;{}&#8221;][et_pb_column type=&#8221;4_4&#8243; _builder_version=&#8221;4.21.0&#8243; _module_preset=&#8221;default&#8221; global_colors_info=&#8221;{}&#8221;][et_pb_text _builder_version=&#8221;4.27.4&#8243; _module_preset=&#8221;cbc0840e-5210-4d6f-8dfc-1c0fa259eb34&#8243; text_font=&#8221;Antic Didone||||||||&#8221; text_text_color=&#8221;#786B62&#8243; header_font=&#8221;Antic Didone||||||||&#8221; header_font_size=&#8221;24px&#8221; header_2_font=&#8221;Antic Didone|700|||||||&#8221; header_2_text_color=&#8221;#786B62&#8243; header_2_font_size=&#8221;54px&#8221; header_2_letter_spacing=&#8221;9px&#8221; text_orientation=&#8221;center&#8221; locked=&#8221;off&#8221; global_colors_info=&#8221;{}&#8221;]<\/p>\n<h2>Tienda online<\/h2>\n<p>[\/et_pb_text][\/et_pb_column][\/et_pb_row][et_pb_row _builder_version=&#8221;4.21.0&#8243; _module_preset=&#8221;default&#8221; global_colors_info=&#8221;{}&#8221;][et_pb_column type=&#8221;4_4&#8243; _builder_version=&#8221;4.21.0&#8243; _module_preset=&#8221;default&#8221; global_colors_info=&#8221;{}&#8221;][et_pb_shop posts_number=&#8221;4&#8243; _builder_version=&#8221;4.21.0&#8243; _module_preset=&#8221;93d5117d-7368-4ce8-b48c-3c3d6820fb0d&#8221; custom_margin=&#8221;||-2px|||&#8221; title_font_size_tablet=&#8221;&#8221; title_font_size_phone=&#8221;&#8221; title_font_size_last_edited=&#8221;on|phone&#8221; locked=&#8221;off&#8221; global_colors_info=&#8221;{}&#8221;][\/et_pb_shop][et_pb_button button_text=&#8221;Todos los productos&#8221; button_alignment=&#8221;center&#8221; _builder_version=&#8221;4.27.4&#8243; _module_preset=&#8221;b7344924-aadd-4ec1-8449-45458a790c4f&#8221; global_colors_info=&#8221;{}&#8221;][\/et_pb_button][\/et_pb_column][\/et_pb_row][\/et_pb_section][et_pb_section fb_built=&#8221;1&#8243; admin_label=&#8221;Feature&#8221; _builder_version=&#8221;4.27.4&#8243; _module_preset=&#8221;default&#8221; custom_margin_tablet=&#8221;&#8221; custom_margin_phone=&#8221;-94px||||false|false&#8221; custom_margin_last_edited=&#8221;on|phone&#8221; collapsed=&#8221;on&#8221; global_colors_info=&#8221;{}&#8221;][et_pb_row column_structure=&#8221;2_5,3_5&#8243; _builder_version=&#8221;4.21.0&#8243; _module_preset=&#8221;default&#8221; max_width=&#8221;1280px&#8221; locked=&#8221;off&#8221; global_colors_info=&#8221;{}&#8221;][et_pb_column type=&#8221;2_5&#8243; _builder_version=&#8221;4.21.0&#8243; _module_preset=&#8221;default&#8221; z_index=&#8221;10&#8243; global_colors_info=&#8221;{}&#8221;][et_pb_text _builder_version=&#8221;4.27.4&#8243; _module_preset=&#8221;cbc0840e-5210-4d6f-8dfc-1c0fa259eb34&#8243; header_2_font=&#8221;Antic Didone|700|||||||&#8221; header_2_font_size=&#8221;48px&#8221; global_colors_info=&#8221;{}&#8221;]<\/p>\n<h2>Cer\u00e1mica artesanal<\/h2>\n<p>[\/et_pb_text][et_pb_text _builder_version=&#8221;4.27.4&#8243; _module_preset=&#8221;3f6cb838-60fd-441b-b593-605f135ae292&#8243; text_line_height=&#8221;1.6em&#8221; global_colors_info=&#8221;{}&#8221;]<\/p>\n<p>No solo fabricamos<span>\u00a0<\/span><strong>productos de cer\u00e1mica elaborados artesanalmente<\/strong>. Creamos piezas vivas, con alma y dise\u00f1os \u00fanicos creados por nosotros. Nos gusta trabajar con las manos y mimar cada detalle.<\/p>\n<p>En nuestro taller no solo hay espacio para la tradici\u00f3n, nos gusta innovar y crear nuevas tendencias. Creando piezas de cer\u00e1mica hechas a mano. Nuestra<span>\u00a0<\/span><strong>tienda online de cer\u00e1mica<\/strong><span>\u00a0<\/span>es el destino ideal para aquellos que buscan piezas con alma y personalidad. Estamos conectados a nuestras ra\u00edces, por ello, siempre viene al encuentro de nuestra inspiraci\u00f3n nuestra cultura. En nuestras diferentes colecciones encontrar\u00e1s un universo de colores y estilos para los gustos m\u00e1s exquisitos.<\/p>\n<p>[\/et_pb_text][\/et_pb_column][et_pb_column type=&#8221;3_5&#8243; _builder_version=&#8221;4.21.0&#8243; _module_preset=&#8221;default&#8221; background_enable_image=&#8221;off&#8221; global_colors_info=&#8221;{}&#8221;][et_pb_image src=&#8221;https:\/\/praga.ar\/wp-content\/uploads\/2025\/04\/Mask-02.png&#8221; title_text=&#8221;sssilv&#8221; _builder_version=&#8221;4.27.4&#8243; _module_preset=&#8221;default&#8221; background_image=&#8221;https:\/\/praga.ar\/wp-content\/uploads\/2025\/04\/sssilv.jpg&#8221; custom_margin=&#8221;||0px||false|false&#8221; global_colors_info=&#8221;{}&#8221;][\/et_pb_image][et_pb_icon font_icon=&#8221;&#xf069;||fa||900&#8243; icon_color=&#8221;gcid-52e8b489-b10c-41af-b3c4-a69642f2df1f&#8221; icon_width=&#8221;32px&#8221; _builder_version=&#8221;4.21.0&#8243; _module_preset=&#8221;default&#8221; positioning=&#8221;absolute&#8221; vertical_offset=&#8221;20%&#8221; horizontal_offset=&#8221;8%&#8221; z_index=&#8221;9&#8243; global_colors_info=&#8221;{%22gcid-52e8b489-b10c-41af-b3c4-a69642f2df1f%22:%91%22icon_color%22%93}&#8221;][\/et_pb_icon][et_pb_icon font_icon=&#8221;&#xf110;||fa||900&#8243; icon_color=&#8221;#000000&#8243; _builder_version=&#8221;4.27.4&#8243; _module_preset=&#8221;default&#8221; positioning=&#8221;absolute&#8221; position_origin_a=&#8221;bottom_right&#8221; global_colors_info=&#8221;{}&#8221;][\/et_pb_icon][\/et_pb_column][\/et_pb_row][\/et_pb_section][et_pb_section fb_built=&#8221;1&#8243; disabled_on=&#8221;on|on|on&#8221; admin_label=&#8221;Top Categories&#8221; _builder_version=&#8221;4.27.4&#8243; _module_preset=&#8221;default&#8221; overflow-x=&#8221;hidden&#8221; overflow-y=&#8221;hidden&#8221; disabled=&#8221;on&#8221; collapsed=&#8221;on&#8221; global_colors_info=&#8221;{}&#8221;][et_pb_row column_structure=&#8221;1_3,1_3,1_3&#8243; _builder_version=&#8221;4.21.0&#8243; _module_preset=&#8221;default&#8221; global_colors_info=&#8221;{}&#8221;][et_pb_column type=&#8221;1_3&#8243; _builder_version=&#8221;4.21.0&#8243; _module_preset=&#8221;default&#8221; background_image=&#8221;https:\/\/praga.ar\/wp-content\/uploads\/2025\/04\/home-decor-10.jpg&#8221; overflow-x=&#8221;visible&#8221; overflow-y=&#8221;visible&#8221; custom_padding=&#8221;300px|40px|20px|20px|false|false&#8221; border_radii=&#8221;on|30px|30px|30px|30px&#8221; global_colors_info=&#8221;{}&#8221;][et_pb_icon font_icon=&#8221;&#x24;||divi||400&#8243; _builder_version=&#8221;4.21.0&#8243; _module_preset=&#8221;d1364cfb-8920-4594-9b0d-84de82a20657&#8243; transform_translate=&#8221;50%|50%&#8221; transform_translate_linked__hover=&#8221;off&#8221; positioning=&#8221;absolute&#8221; position_origin_a=&#8221;bottom_right&#8221; border_color_all=&#8221;gcid-369d6a5c-948a-46a7-83c8-2ed935036bdf&#8221; locked=&#8221;off&#8221; global_colors_info=&#8221;{%22gcid-63ace26e-ec1a-49a4-96c1-d62eb83c71e6%22:%91%22background_color%22%93,%22gcid-369d6a5c-948a-46a7-83c8-2ed935036bdf%22:%91%22border_color_all%22,%22icon_color%22%93,%22gcid-52e8b489-b10c-41af-b3c4-a69642f2df1f%22:%91%22background_color__hover%22%93}&#8221; transform_styles__hover_enabled=&#8221;off|hover&#8221; transform_scale__hover_enabled=&#8221;off|hover&#8221; transform_translate__hover_enabled=&#8221;off|hover&#8221; transform_rotate__hover_enabled=&#8221;off|hover&#8221; transform_skew__hover_enabled=&#8221;off|hover&#8221; transform_origin__hover_enabled=&#8221;off|hover&#8221;][\/et_pb_icon][et_pb_blurb title=&#8221;Living &#038; Leisure&#8221; _builder_version=&#8221;4.27.4&#8243; _module_preset=&#8221;2a136b9f-9314-4a42-8de8-a5274a8e8027&#8243; header_font=&#8221;Antic Didone|700|||||||&#8221; link_option_url=&#8221;#&#8221; global_colors_info=&#8221;{}&#8221;]<\/p>\n<p>Shop Now<\/p>\n<p>[\/et_pb_blurb][\/et_pb_column][et_pb_column type=&#8221;1_3&#8243; _builder_version=&#8221;4.21.0&#8243; _module_preset=&#8221;default&#8221; background_image=&#8221;https:\/\/praga.ar\/wp-content\/uploads\/2025\/04\/home-decor-08.jpg&#8221; overflow-x=&#8221;visible&#8221; overflow-y=&#8221;visible&#8221; custom_padding=&#8221;300px|40px|20px|20px|false|false&#8221; border_radii=&#8221;on|30px|30px|30px|30px&#8221; global_colors_info=&#8221;{}&#8221;][et_pb_icon font_icon=&#8221;&#x24;||divi||400&#8243; _builder_version=&#8221;4.21.0&#8243; _module_preset=&#8221;d1364cfb-8920-4594-9b0d-84de82a20657&#8243; transform_translate=&#8221;50%|50%&#8221; positioning=&#8221;absolute&#8221; position_origin_a=&#8221;bottom_right&#8221; locked=&#8221;off&#8221; global_colors_info=&#8221;{}&#8221;][\/et_pb_icon][et_pb_blurb title=&#8221;Bedroom&#8221; _builder_version=&#8221;4.27.4&#8243; _module_preset=&#8221;2a136b9f-9314-4a42-8de8-a5274a8e8027&#8243; header_font=&#8221;Antic Didone|700|||||||&#8221; link_option_url=&#8221;#&#8221; global_colors_info=&#8221;{}&#8221;]<\/p>\n<p>Shop Now<\/p>\n<p>[\/et_pb_blurb][\/et_pb_column][et_pb_column type=&#8221;1_3&#8243; _builder_version=&#8221;4.21.0&#8243; _module_preset=&#8221;default&#8221; background_image=&#8221;https:\/\/praga.ar\/wp-content\/uploads\/2025\/04\/home-decor-09.jpg&#8221; overflow-x=&#8221;visible&#8221; overflow-y=&#8221;visible&#8221; custom_padding=&#8221;300px|40px|20px|20px|false|false&#8221; border_radii=&#8221;on|30px|30px|30px|30px&#8221; global_colors_info=&#8221;{}&#8221;][et_pb_icon font_icon=&#8221;&#x24;||divi||400&#8243; _builder_version=&#8221;4.21.0&#8243; _module_preset=&#8221;d1364cfb-8920-4594-9b0d-84de82a20657&#8243; transform_translate=&#8221;50%|50%&#8221; positioning=&#8221;absolute&#8221; position_origin_a=&#8221;bottom_right&#8221; locked=&#8221;off&#8221; global_colors_info=&#8221;{}&#8221; custom_padding__hover_enabled=&#8221;off|hover&#8221; custom_padding__hover=&#8221;16px|16px|16px|16px|true|true&#8221; transform_styles__hover_enabled=&#8221;off|hover&#8221; transform_scale__hover_enabled=&#8221;off|hover&#8221; transform_translate__hover_enabled=&#8221;off|hover&#8221; transform_rotate__hover_enabled=&#8221;off|hover&#8221; transform_skew__hover_enabled=&#8221;off|hover&#8221; transform_origin__hover_enabled=&#8221;off|hover&#8221; transform_scale__hover=&#8221;110%|110%&#8221;][\/et_pb_icon][et_pb_blurb title=&#8221;Kitchen &#038; Bath&#8221; _builder_version=&#8221;4.27.4&#8243; _module_preset=&#8221;2a136b9f-9314-4a42-8de8-a5274a8e8027&#8243; header_font=&#8221;Antic Didone|700|||||||&#8221; link_option_url=&#8221;#&#8221; locked=&#8221;off&#8221; global_colors_info=&#8221;{}&#8221;]<\/p>\n<p>Shop Now<\/p>\n<p>[\/et_pb_blurb][\/et_pb_column][\/et_pb_row][\/et_pb_section][et_pb_section fb_built=&#8221;1&#8243; disabled_on=&#8221;on|on|on&#8221; admin_label=&#8221;Footer Call to Action&#8221; _builder_version=&#8221;4.27.4&#8243; _module_preset=&#8221;default&#8221; background_enable_color=&#8221;off&#8221; use_background_color_gradient=&#8221;on&#8221; background_color_gradient_stops=&#8221;rgba(14,14,14,0.7) 0%|rgba(14,14,14,0.3) 100%&#8221; background_color_gradient_overlays_image=&#8221;on&#8221; background_image=&#8221;https:\/\/praga.ar\/wp-content\/uploads\/2025\/04\/home-decor-07.jpg&#8221; parallax=&#8221;on&#8221; custom_padding=&#8221;14vw||14vw||true|false&#8221; disabled=&#8221;on&#8221; saved_tabs=&#8221;all&#8221; collapsed=&#8221;on&#8221; global_colors_info=&#8221;{}&#8221;][et_pb_row _builder_version=&#8221;4.21.0&#8243; _module_preset=&#8221;default&#8221; global_colors_info=&#8221;{}&#8221;][et_pb_column type=&#8221;4_4&#8243; _builder_version=&#8221;4.21.0&#8243; _module_preset=&#8221;default&#8221; global_colors_info=&#8221;{}&#8221;][et_pb_text _builder_version=&#8221;4.27.4&#8243; _module_preset=&#8221;cbc0840e-5210-4d6f-8dfc-1c0fa259eb34&#8243; header_2_font=&#8221;Antic Didone|700|||||||&#8221; header_2_text_color=&#8221;#FFFFFF&#8221; text_orientation=&#8221;center&#8221; global_colors_info=&#8221;{}&#8221;]<\/p>\n<h2>Encuentra tu estilo y llevatelo a tu casa<\/h2>\n<p>[\/et_pb_text][et_pb_button button_text=&#8221;Shop Online&#8221; button_alignment=&#8221;center&#8221; _builder_version=&#8221;4.21.0&#8243; _module_preset=&#8221;b7344924-aadd-4ec1-8449-45458a790c4f&#8221; locked=&#8221;off&#8221; global_colors_info=&#8221;{}&#8221;][\/et_pb_button][\/et_pb_column][\/et_pb_row][\/et_pb_section][et_pb_section fb_built=&#8221;1&#8243; admin_label=&#8221;Footer Links&#8221; _builder_version=&#8221;4.21.0&#8243; _module_preset=&#8221;default&#8221; locked=&#8221;off&#8221; collapsed=&#8221;on&#8221; global_colors_info=&#8221;{}&#8221;][et_pb_row column_structure=&#8221;1_3,1_3,1_3&#8243; _builder_version=&#8221;4.21.0&#8243; _module_preset=&#8221;default&#8221; global_colors_info=&#8221;{}&#8221;][et_pb_column type=&#8221;1_3&#8243; _builder_version=&#8221;4.21.0&#8243; _module_preset=&#8221;default&#8221; global_colors_info=&#8221;{}&#8221;][et_pb_text _builder_version=&#8221;4.27.4&#8243; _module_preset=&#8221;9cdc495b-69f4-4266-9d84-eca20c2f228b&#8221; custom_margin=&#8221;||20px||false|false&#8221; global_colors_info=&#8221;{}&#8221;]<\/p>\n<h3>Praga Pottery<\/h3>\n<p>[\/et_pb_text][et_pb_text _builder_version=&#8221;4.21.0&#8243; _module_preset=&#8221;10d0c478-f179-4d48-9b4f-091fd7f05a3f&#8221; global_colors_info=&#8221;{}&#8221;]At Divi we understand that your home is your sanctuary, and we&#8217;re here to help you bring your vision to life. With our exceptional quality, timeless designs, and personalize customer service, we strive to exceed your expectations every step of the way.[\/et_pb_text][\/et_pb_column][et_pb_column type=&#8221;1_3&#8243; _builder_version=&#8221;4.21.0&#8243; _module_preset=&#8221;default&#8221; global_colors_info=&#8221;{}&#8221;][et_pb_text _builder_version=&#8221;4.21.0&#8243; _module_preset=&#8221;0eb5606b-80b6-4677-92c1-20869813a59a&#8221; custom_margin=&#8221;||20px||false|false&#8221; global_colors_info=&#8221;{}&#8221;]<\/p>\n<h4>Site<\/h4>\n<p>[\/et_pb_text][et_pb_text _builder_version=&#8221;4.21.0&#8243; _module_preset=&#8221;10d0c478-f179-4d48-9b4f-091fd7f05a3f&#8221; link_text_color=&#8221;gcid-4e1a4293-6847-4a8b-8670-1037625c3a21&#8243; custom_margin=&#8221;||8px||false|false&#8221; global_colors_info=&#8221;{%22gcid-4e1a4293-6847-4a8b-8670-1037625c3a21%22:%91%22link_text_color%22%93}&#8221;]<a href=\"#\">Terms and Conditions<\/a>[\/et_pb_text][et_pb_text _builder_version=&#8221;4.21.0&#8243; _module_preset=&#8221;10d0c478-f179-4d48-9b4f-091fd7f05a3f&#8221; link_text_color=&#8221;gcid-4e1a4293-6847-4a8b-8670-1037625c3a21&#8243; custom_margin=&#8221;||8px||false|false&#8221; global_colors_info=&#8221;{%22gcid-4e1a4293-6847-4a8b-8670-1037625c3a21%22:%91%22link_text_color%22%93}&#8221;]<a href=\"#\">Return Policy<\/a>[\/et_pb_text][et_pb_text _builder_version=&#8221;4.21.0&#8243; _module_preset=&#8221;10d0c478-f179-4d48-9b4f-091fd7f05a3f&#8221; link_text_color=&#8221;gcid-4e1a4293-6847-4a8b-8670-1037625c3a21&#8243; custom_margin=&#8221;||8px||false|false&#8221; global_colors_info=&#8221;{%22gcid-4e1a4293-6847-4a8b-8670-1037625c3a21%22:%91%22link_text_color%22%93}&#8221;]<a href=\"#\">Shipping and Delivery<\/a>[\/et_pb_text][et_pb_text _builder_version=&#8221;4.21.0&#8243; _module_preset=&#8221;10d0c478-f179-4d48-9b4f-091fd7f05a3f&#8221; link_text_color=&#8221;gcid-4e1a4293-6847-4a8b-8670-1037625c3a21&#8243; custom_margin=&#8221;||8px||false|false&#8221; global_colors_info=&#8221;{%22gcid-4e1a4293-6847-4a8b-8670-1037625c3a21%22:%91%22link_text_color%22%93}&#8221;]<\/p>\n<p><a href=\"#\">Privacy and Security<\/a><\/p>\n<p>[\/et_pb_text][et_pb_text _builder_version=&#8221;4.21.0&#8243; _module_preset=&#8221;10d0c478-f179-4d48-9b4f-091fd7f05a3f&#8221; link_text_color=&#8221;gcid-4e1a4293-6847-4a8b-8670-1037625c3a21&#8243; custom_margin=&#8221;||8px||false|false&#8221; global_colors_info=&#8221;{%22gcid-4e1a4293-6847-4a8b-8670-1037625c3a21%22:%91%22link_text_color%22%93}&#8221;]<a href=\"#\">FAQ<\/a>[\/et_pb_text][\/et_pb_column][et_pb_column type=&#8221;1_3&#8243; _builder_version=&#8221;4.21.0&#8243; _module_preset=&#8221;default&#8221; global_colors_info=&#8221;{}&#8221;][et_pb_text _builder_version=&#8221;4.21.0&#8243; _module_preset=&#8221;0eb5606b-80b6-4677-92c1-20869813a59a&#8221; locked=&#8221;off&#8221; global_colors_info=&#8221;{}&#8221;]<\/p>\n<h4>Newsletter<\/h4>\n<p>[\/et_pb_text][et_pb_signup mailchimp_list=&#8221;undefined|undefined|&#8221; first_name_field=&#8221;off&#8221; last_name_field=&#8221;off&#8221; _builder_version=&#8221;4.21.0&#8243; _module_preset=&#8221;36e6a347-b200-443b-a1a0-64905ed05836&#8243; button_text_color=&#8221;#FFFFFF&#8221; button_bg_color=&#8221;#0e0e0e&#8221; border_color_all_fields=&#8221;#0e0e0e&#8221; global_colors_info=&#8221;{}&#8221;][\/et_pb_signup][\/et_pb_column][\/et_pb_row][et_pb_row _builder_version=&#8221;4.21.0&#8243; _module_preset=&#8221;default&#8221; width=&#8221;100%&#8221; max_width=&#8221;none&#8221; custom_margin=&#8221;30px||||false|false&#8221; custom_padding=&#8221;|10%||10%|false|true&#8221; border_color_all=&#8221;rgba(0,0,0,0.12)&#8221; border_width_top=&#8221;1px&#8221; global_colors_info=&#8221;{}&#8221;][et_pb_column type=&#8221;4_4&#8243; _builder_version=&#8221;4.21.0&#8243; _module_preset=&#8221;default&#8221; global_colors_info=&#8221;{}&#8221;][et_pb_text _builder_version=&#8221;4.27.4&#8243; _dynamic_attributes=&#8221;content&#8221; _module_preset=&#8221;10d0c478-f179-4d48-9b4f-091fd7f05a3f&#8221; text_orientation=&#8221;center&#8221; global_colors_info=&#8221;{}&#8221;]@ET-DC@eyJkeW5hbWljIjp0cnVlLCJjb250ZW50IjoiY3VycmVudF9kYXRlIiwic2V0dGluZ3MiOnsiYmVmb3JlIjoiQ29weXJpZ2h0ICZjb3B5OyAiLCJhZnRlciI6IiBEaXZpLiBBbGwgUmlnaHRzIFJlc2VydmVkLiIsImRhdGVfZm9ybWF0IjoiY3VzdG9tIiwiY3VzdG9tX2RhdGVfZm9ybWF0IjoiWSJ9fQ==@[\/et_pb_text][\/et_pb_column][\/et_pb_row][\/et_pb_section]<\/p>\n","protected":false},"excerpt":{"rendered":"<p>Cer\u00e1mica artesanal con alma,cada pieza una historia \u00fanica.Tienda onlineCer\u00e1mica artesanalNo solo fabricamos\u00a0productos de cer\u00e1mica elaborados artesanalmente. Creamos piezas vivas, con alma y dise\u00f1os \u00fanicos creados por nosotros. Nos gusta trabajar con las manos y mimar cada detalle. En nuestro taller no solo hay espacio para la tradici\u00f3n, nos gusta innovar y crear nuevas tendencias. Creando [&hellip;]<\/p>\n","protected":false},"author":1,"featured_media":0,"parent":0,"menu_order":0,"comment_status":"closed","ping_status":"closed","template":"","meta":{"_et_pb_use_builder":"on","_et_pb_old_content":"","_et_gb_content_width":"","footnotes":""},"class_list":["post-7","page","type-page","status-publish","hentry"],"_links":{"self":[{"href":"https:\/\/praga.ar\/index.php?rest_route=\/wp\/v2\/pages\/7","targetHints":{"allow":["GET"]}}],"collection":[{"href":"https:\/\/praga.ar\/index.php?rest_route=\/wp\/v2\/pages"}],"about":[{"href":"https:\/\/praga.ar\/index.php?rest_route=\/wp\/v2\/types\/page"}],"author":[{"embeddable":true,"href":"https:\/\/praga.ar\/index.php?rest_route=\/wp\/v2\/users\/1"}],"replies":[{"embeddable":true,"href":"https:\/\/praga.ar\/index.php?rest_route=%2Fwp%2Fv2%2Fcomments&post=7"}],"version-history":[{"count":24,"href":"https:\/\/praga.ar\/index.php?rest_route=\/wp\/v2\/pages\/7\/revisions"}],"predecessor-version":[{"id":139,"href":"https:\/\/praga.ar\/index.php?rest_route=\/wp\/v2\/pages\/7\/revisions\/139"}],"wp:attachment":[{"href":"https:\/\/praga.ar\/index.php?rest_route=%2Fwp%2Fv2%2Fmedia&parent=7"}],"curies":[{"name":"wp","href":"https:\/\/api.w.org\/{rel}","templated":true}]}}